{"id":2,"date":"2022-02-04T18:32:03","date_gmt":"2022-02-04T18:32:03","guid":{"rendered":"https:\/\/charlottetroldahl.dk\/?page_id=2"},"modified":"2026-04-26T08:09:06","modified_gmt":"2026-04-26T08:09:06","slug":"info","status":"publish","type":"page","link":"https:\/\/charlottetroldahl.dk\/","title":{"rendered":"Info"},"content":{"rendered":"\n<h2>\n\t\t\tCharlotte Troldahl\t<\/h2>\n\t<p><img decoding=\"async\" data-src=\"https:\/\/charlottetroldahl.dk\/wp-content\/uploads\/2026\/03\/IMG_20241010_1336532-217x300.jpg\" alt=\"\" width=\"217\" height=\"300\" src=\"data:image\/svg+xml;base64,PHN2ZyB3aWR0aD0iMSIgaGVpZ2h0PSIxIiB4bWxucz0iaHR0cDovL3d3dy53My5vcmcvMjAwMC9zdmciPjwvc3ZnPg==\" class=\"lazyload\" style=\"--smush-placeholder-width: 217px; --smush-placeholder-aspect-ratio: 217\/300;\" \/>Jeg arbejder med at formidle det, der ligger mellem det rationelle og det mytiske.<\/p>\n<p>Hvert v\u00e6rk er resultatet af refleksion, eksperimenter og en dyb respekt for det ukendte.<\/p>\n<p>Jeg interesserer mig for, hvordan vi som mennesker fortolker og giver mening til f\u00e6nomener som tid, rum og eksistens &#8211; b\u00e5de gennem oldtidens myter og vores samtids nyeste teknologi.<\/p>\n\t<p><em><img decoding=\"async\" data-src=\"https:\/\/charlottetroldahl.dk\/wp-content\/uploads\/2022\/02\/Portraet-Hornbaekkrukke-okt-2021-portrait-1-210x300.jpg\" alt=\"\" width=\"210\" height=\"300\" src=\"data:image\/svg+xml;base64,PHN2ZyB3aWR0aD0iMSIgaGVpZ2h0PSIxIiB4bWxucz0iaHR0cDovL3d3dy53My5vcmcvMjAwMC9zdmciPjwvc3ZnPg==\" class=\"lazyload\" style=\"--smush-placeholder-width: 210px; --smush-placeholder-aspect-ratio: 210\/300;\" \/>F\u00f8dt i \u00c5rhus, bor og arbejder i K\u00f8benhavn.<\/em><\/p>\n<hr \/>\n<p>Medlem af: BKF, KKS og Danske grafikere. Landsforeningen b\u00f8rn, kunst og billeder. Medlem af kunstnerkollektivet KKT31<\/p>\n<hr \/>\n<p>Uddannet fra Det Fynske Kunstakademi, Odense (\u00e5r 2000) \/\/ M.A.-studier i Multimedie \u00c6stetik ved IT-Vest \/ Aarhus Universitet (2001-03) \/\/ London Academy of Media, Film &amp; TV (2008)<\/p>\n<hr \/>\n<p>kontakt: post(at)charlottetroldahl.dk<\/p>\n<h4>\n\t\t\tUdstillinger\t<\/h4>\n\t<p>2024 &#8211; Kit Kontemporary, Hesede hovedg\u00e5rd, Gisselfeldt<\/p>\n<p>2023 &#8211; Huset i Asn\u00e6s 1. SAL + X-RUM: &#8220;DIALOG&#8221; med J\u00f8rn Bromann<\/p>\n<p>2022 &#8211; Galleri Stokkebro \/\/ Hornb\u00e6k krukke nr 68<\/p>\n<p>2021 &#8211; Galleri Stokkebro \/\/ Hornb\u00e6k krukke nr 63 og 53 \/\/ FUGL-FUGL-FUGL Huset i Asn\u00e6s \/\/ Hornb\u00e6k krukke nr 44<\/p>\n<p>2020 &#8211; Galleriet Hornb\u00e6k (udsat) \/\/ Hornb\u00e6k krukke nr 39 \/\/ Huset i Asn\u00e6s (udsat til 2021) \/\/ Old School, Danske Grafikeres Hus, K\u00f8benhavn, DK \/\/ Billboard Festival, Istanbul, Tyrkiet<\/p>\n<p>2019 &#8211; Johannes Larsen Museet, Kerteminde, Fyn \/\/ Kongeg\u00e5rden kunsthal, regionalt center for kunst og musik i Kors\u00f8r<\/p>\n<p>2018 &#8211; Kunstmuseum Ahrenshoop, Tyskland \/\/ Palazzo Ca&#8217; Zanardi, Venice, Italien \/\/ Expo\u00a0 Syv sogneg\u00e5rd, Viby Sj, Dk<\/p>\n<p>2015 &#8211; Billboard Festival Casablanca, Marokko \/\/ Transit, Kongeg\u00e5rden, Kors\u00f8r kunstforening<\/p>\n<p>2013 &#8211; &#8216;Papercubed project&#8217;, Diogo de Sousa Museum, Braga, Portugal \/\/ &#8216;Tunnel vision&#8217;, Portalen, Greve \/\/ Video of the month, November, on videoart.net (Tribeca Film Center, New York)<\/p>\n<p>2012 &#8211; &#8216;Kl\u00e6deskabelse&#8217;, Danske Grafikeres hus, K\u00f8benhavn \/\/ Dvd &#8211; compilation, Territory, Fotografisk Center, Kbh \/\/ Holstebro Kunst Museum<\/p>\n<p>2011 &#8211; Kulturv\u00e6rftet in Helsing\u00f8r \/\/ Esperg\u00e6rde Bibliotek \/\/ Spazi Aperti, Rom, Italien<\/p>\n<p>2010 &#8211; Accademia delle Accademie, the road to contemporary Art, Rom, Italien \/\/ Pixel, udstillingssted for digital Kunst, H.C. \u00d8rstedsvej 66, Frederiksberg<\/p>\n<p>2009 &#8211; Guld og gr\u00f8nne skove, Tap E, Carlsberg, K\u00f8benhavn \/\/ Looking for the Obeahwoman, Poetisk Bureau, K\u00f8benhavn \/\/ Alt_Cph &#8211; Fastvideo, K\u00f8benhavn \/\/ Roommade-roommate.dk, Gjethuset, Frederiksv\u00e6rk<\/p>\n<p>2008 &#8211; Screening at Overgaden Institut for nutidskunst, Kbh \/\/ Video projekt &#8211; tv-tv.dk<\/p>\n<p>Tidligere udstillinger; Brandts Kl\u00e6defabrik, DFKU, Fyns Kunstmuseum, Toldboden i Kerteminde&#8230;<\/p>\n<h6>\n\t\t\tPRAKSIS\t<\/h6>\n<figure itemscope itemtype=\"https:\/\/schema.org\/ImageObject\">\n\t\t\t\t<img decoding=\"async\" data-src=\"https:\/\/charlottetroldahl.dk\/wp-content\/uploads\/2024\/04\/cropped-IMG_20240407_153342-scaled-1.jpg\" alt=\"https:\/\/charlottetroldahl.dk\/wp-content\/uploads\/2024\/04\/cropped-IMG_20240407_153342-scaled-1.jpg\" height=\"1198\" width=\"2000\" title=\"IMG_20240407_153342\" onerror=\"this.style.display='none'\" src=\"data:image\/svg+xml;base64,PHN2ZyB3aWR0aD0iMSIgaGVpZ2h0PSIxIiB4bWxucz0iaHR0cDovL3d3dy53My5vcmcvMjAwMC9zdmciPjwvc3ZnPg==\" class=\"lazyload\" style=\"--smush-placeholder-width: 2000px; --smush-placeholder-aspect-ratio: 2000\/1198;\" \/>\n\t<\/figure>\n\t<p>Her bliver min praksis til &#8211; i sp\u00e6ndingsfeltet mellem det personlige og det universelle.<\/p>\n<p>N\u00e5r jeg arbejder med <strong>temaer som kosmologi eller lysforurening<\/strong>, er det ikke kun en udforskning af fysiske f\u00e6nomener, men ogs\u00e5 en refleksion over, hvordan vi som mennesker fortolker og giver mening til ukendte faktorer.<\/p>\n<p>Ligesom oldtidens myter forklarede himlens f\u00e6nomener, s\u00f8ger videnskaben i dag svar p\u00e5 de samme sp\u00f8rgsm\u00e5l &#8211; bare med andre v\u00e6rkt\u00f8jer. Min kunst bliver s\u00e5ledes et m\u00f8de, hvor begreber som <em>tid, lys og eksistens<\/em> ikke er enten rationelle eller mytiske, men begge dele p\u00e5 \u00e9n gang. Dette perspektiv g\u00f8r, at hvert v\u00e6rk bliver en invitation til at stille sp\u00f8rgsm\u00e5l: <em>Hvordan ser vi verden, n\u00e5r vi lader videnskab og fantasi sameksistere?<\/em><\/p>\n<h4>\n\t\t\tOPHOLD OG LEGATER\t<\/h4>\n\t<p>2021\u00a0 Inishlachen Residency, Rosie Mcgurran and company, Ireland (invited)<\/p>\n<p>2019 R\u00e6veskiftet, Ole Haslunds fond<\/p>\n<p>2015-16 Inishlachen Residency, Rosie Mcgurran and company, Ireland<\/p>\n<p>2014\u00a0 Kongeg\u00e5rden, Kors\u00f8r, Dk<\/p>\n<p>2013\u00a0 Det Danske Institut i Rom, Italien<\/p>\n<p>2011\u00a0 Det Danske Institut i Rom, Italien \/\/ copy-dan midlerne \/ blank b\u00e5ndsfonden<\/p>\n<p>2010\u00a0 Det Danske Institut i Rom, Italien<\/p>\n<p>2009\u00a0 Klosteret San Cataldo, Amalfi, Italien<\/p>\n<p>2007\u00a0 Jamaica, The Calabash Festival &#8211; rejselegat fra copy-dan midlerne<\/p>\n\n","protected":false},"excerpt":{"rendered":"<p>Charlotte Troldahl Jeg arbejder med at formidle det, der ligger mellem det rationelle og det mytiske. Hvert v\u00e6rk er resultatet af refleksion, eksperimenter og en dyb respekt for det ukendte. Jeg interesserer mig for, hvordan vi som mennesker fortolker og giver mening til f\u00e6nomener som tid, rum og eksistens &#8211; b\u00e5de gennem oldtidens myter og &hellip; <\/p>\n<p class=\"link-more\"><a href=\"https:\/\/charlottetroldahl.dk\/\" class=\"more-link\">L\u00e6s videre<span class=\"screen-reader-text\"> &#8220;Info&#8221;<\/span><\/a><\/p>\n","protected":false},"author":1,"featured_media":0,"parent":0,"menu_order":0,"comment_status":"closed","ping_status":"closed","template":"","meta":{"footnotes":""},"class_list":["post-2","page","type-page","status-publish","hentry"],"jetpack_sharing_enabled":true,"_links":{"self":[{"href":"https:\/\/charlottetroldahl.dk\/index.php?rest_route=\/wp\/v2\/pages\/2","targetHints":{"allow":["GET"]}}],"collection":[{"href":"https:\/\/charlottetroldahl.dk\/index.php?rest_route=\/wp\/v2\/pages"}],"about":[{"href":"https:\/\/charlottetroldahl.dk\/index.php?rest_route=\/wp\/v2\/types\/page"}],"author":[{"embeddable":true,"href":"https:\/\/charlottetroldahl.dk\/index.php?rest_route=\/wp\/v2\/users\/1"}],"replies":[{"embeddable":true,"href":"https:\/\/charlottetroldahl.dk\/index.php?rest_route=%2Fwp%2Fv2%2Fcomments&post=2"}],"version-history":[{"count":24,"href":"https:\/\/charlottetroldahl.dk\/index.php?rest_route=\/wp\/v2\/pages\/2\/revisions"}],"predecessor-version":[{"id":1004,"href":"https:\/\/charlottetroldahl.dk\/index.php?rest_route=\/wp\/v2\/pages\/2\/revisions\/1004"}],"wp:attachment":[{"href":"https:\/\/charlottetroldahl.dk\/index.php?rest_route=%2Fwp%2Fv2%2Fmedia&parent=2"}],"curies":[{"name":"wp","href":"https:\/\/api.w.org\/{rel}","templated":true}]}}