{"id":373,"date":"2022-10-13T09:39:30","date_gmt":"2022-10-13T09:39:30","guid":{"rendered":"https:\/\/charlottetroldahl.dk\/?page_id=373"},"modified":"2024-08-08T19:02:56","modified_gmt":"2024-08-08T19:02:56","slug":"undervisning","status":"publish","type":"page","link":"https:\/\/charlottetroldahl.dk\/?page_id=373","title":{"rendered":"Undervisning"},"content":{"rendered":"\n\n\t\t\t\t<img decoding=\"async\" data-src=\"https:\/\/charlottetroldahl.dk\/wp-content\/uploads\/2022\/10\/Taastrupgaardprojekt-2020-scaled.jpg\" alt=\"T\u00e5strupg\u00e5rdprojekt 2020\" itemprop=\"image\" height=\"2560\" width=\"2560\" title=\"T\u00e5strupg\u00e5rdprojekt 2020\" onerror=\"this.style.display='none'\" src=\"data:image\/svg+xml;base64,PHN2ZyB3aWR0aD0iMSIgaGVpZ2h0PSIxIiB4bWxucz0iaHR0cDovL3d3dy53My5vcmcvMjAwMC9zdmciPjwvc3ZnPg==\" class=\"lazyload\" style=\"--smush-placeholder-width: 2560px; --smush-placeholder-aspect-ratio: 2560\/2560;\" \/>\n\t\t\t\t<img decoding=\"async\" data-src=\"https:\/\/charlottetroldahl.dk\/wp-content\/uploads\/2022\/02\/Thorvaldsens-M-portrait-undervisning.jpg\" alt=\"Thorvaldsens-M-portrait undervisning\" itemprop=\"image\" height=\"1080\" width=\"756\" title=\"Thorvaldsens-M-portrait undervisning\" onerror=\"this.style.display='none'\" src=\"data:image\/svg+xml;base64,PHN2ZyB3aWR0aD0iMSIgaGVpZ2h0PSIxIiB4bWxucz0iaHR0cDovL3d3dy53My5vcmcvMjAwMC9zdmciPjwvc3ZnPg==\" class=\"lazyload\" style=\"--smush-placeholder-width: 756px; --smush-placeholder-aspect-ratio: 756\/1080;\" \/>\n\t\t\t\t<img decoding=\"async\" data-src=\"https:\/\/charlottetroldahl.dk\/wp-content\/uploads\/2022\/02\/Ordrup-skole-huskunstnerprojekt.jpg\" alt=\"Ordrup skole huskunstnerprojekt\" itemprop=\"image\" height=\"1544\" width=\"1080\" title=\"Ordrup skole huskunstnerprojekt\" onerror=\"this.style.display='none'\" src=\"data:image\/svg+xml;base64,PHN2ZyB3aWR0aD0iMSIgaGVpZ2h0PSIxIiB4bWxucz0iaHR0cDovL3d3dy53My5vcmcvMjAwMC9zdmciPjwvc3ZnPg==\" class=\"lazyload\" style=\"--smush-placeholder-width: 1080px; --smush-placeholder-aspect-ratio: 1080\/1544;\" \/>\n\t\t\t\t<img decoding=\"async\" data-src=\"https:\/\/charlottetroldahl.dk\/wp-content\/uploads\/2022\/10\/unge-tegnere-2-scaled.jpg\" alt=\"unge tegnere 2\" itemprop=\"image\" height=\"1920\" width=\"2560\" title=\"unge tegnere 2\" onerror=\"this.style.display='none'\" src=\"data:image\/svg+xml;base64,PHN2ZyB3aWR0aD0iMSIgaGVpZ2h0PSIxIiB4bWxucz0iaHR0cDovL3d3dy53My5vcmcvMjAwMC9zdmciPjwvc3ZnPg==\" class=\"lazyload\" style=\"--smush-placeholder-width: 2560px; --smush-placeholder-aspect-ratio: 2560\/1920;\" \/>\n\t<p>2018-22 H\u00f8je-Taastrup Billedskole<\/p>\n<p>2017-22 Roskilde musiske skole, billedskolen<\/p>\n<p>2020-22 Fyns Kunstskole, tegnel\u00e6rer, Odense<\/p>\n<p>&nbsp;<\/p>\n<p>2019<\/p>\n<p>Kongeg\u00e5rden i Kors\u00f8r, tegneworkshops<\/p>\n<p>AOF Greve, Tegnekursus<\/p>\n<p>&nbsp;<\/p>\n<p>2017-18<\/p>\n<p>K\u00f8ge ungdomsskole\/K\u00d8S, K\u00f8ge skitsesamling, Tegnelaboratorie<\/p>\n<p>Den Hirschsprungske samling, workshop, kulturnatten<\/p>\n<p>Tegnelaboratorie, Thorvaldsens Museum<\/p>\n<p>Klassisk tegning, workshop p\u00e5 Rungsted Gymnasium<\/p>\n\t<p>2016<\/p>\n<p>Mars og Venus p\u00e5 papir, huskunstnerprojekt \/pilotprojekt, samarbejde med Heibergskolen og Thorvaldsens museum, metroselskabet.<\/p>\n<p>Den hemmelige have &#8211; Udsmykning med bes\u00f8gende b\u00f8rn p\u00e5 Lergravsparkens legeplads, st\u00f8ttet af Amager \u00d8st lokal udvalg<\/p>\n<p>Vikariat &#8211; ansvarlig for kreav\u00e6rkstedet p\u00e5 Gentofte skoles fritidsklub \/\/ Timel\u00f8nnet underviser Ordrup skole \/\/ Underviser &#8211; Gentofte ungdomsskole<\/p>\n<p>Underviser\/DOF &#8211; Kursusringen<\/p>\n<p>Rum og Udsyn. Huskunstnerprojekt \/ Samarbejde med Ordrup skole, Gentofte ungdoms-skole og Maleren Simon Grimm<\/p>\n<p>2011 &#8211; 20 Freelance tegneunderviser for skoletjenesten p\u00e5 Thorvaldsens museum<\/p>\n\n","protected":false},"excerpt":{"rendered":"<p>2018-22 H\u00f8je-Taastrup Billedskole 2017-22 Roskilde musiske skole, billedskolen 2020-22 Fyns Kunstskole, tegnel\u00e6rer, Odense &nbsp; 2019 Kongeg\u00e5rden i Kors\u00f8r, tegneworkshops AOF Greve, Tegnekursus &nbsp; 2017-18 K\u00f8ge ungdomsskole\/K\u00d8S, K\u00f8ge skitsesamling, Tegnelaboratorie Den Hirschsprungske samling, workshop, kulturnatten Tegnelaboratorie, Thorvaldsens Museum Klassisk tegning, workshop p\u00e5 Rungsted Gymnasium 2016 Mars og Venus p\u00e5 papir, huskunstnerprojekt \/pilotprojekt, samarbejde med Heibergskolen og &hellip; <\/p>\n<p class=\"link-more\"><a href=\"https:\/\/charlottetroldahl.dk\/?page_id=373\" class=\"more-link\">L\u00e6s videre<span class=\"screen-reader-text\"> &#8220;Undervisning&#8221;<\/span><\/a><\/p>\n","protected":false},"author":1,"featured_media":0,"parent":0,"menu_order":0,"comment_status":"closed","ping_status":"closed","template":"","meta":{"footnotes":""},"class_list":["post-373","page","type-page","status-publish","hentry"],"jetpack_sharing_enabled":true,"_links":{"self":[{"href":"https:\/\/charlottetroldahl.dk\/index.php?rest_route=\/wp\/v2\/pages\/373","targetHints":{"allow":["GET"]}}],"collection":[{"href":"https:\/\/charlottetroldahl.dk\/index.php?rest_route=\/wp\/v2\/pages"}],"about":[{"href":"https:\/\/charlottetroldahl.dk\/index.php?rest_route=\/wp\/v2\/types\/page"}],"author":[{"embeddable":true,"href":"https:\/\/charlottetroldahl.dk\/index.php?rest_route=\/wp\/v2\/users\/1"}],"replies":[{"embeddable":true,"href":"https:\/\/charlottetroldahl.dk\/index.php?rest_route=%2Fwp%2Fv2%2Fcomments&post=373"}],"version-history":[{"count":10,"href":"https:\/\/charlottetroldahl.dk\/index.php?rest_route=\/wp\/v2\/pages\/373\/revisions"}],"predecessor-version":[{"id":623,"href":"https:\/\/charlottetroldahl.dk\/index.php?rest_route=\/wp\/v2\/pages\/373\/revisions\/623"}],"wp:attachment":[{"href":"https:\/\/charlottetroldahl.dk\/index.php?rest_route=%2Fwp%2Fv2%2Fmedia&parent=373"}],"curies":[{"name":"wp","href":"https:\/\/api.w.org\/{rel}","templated":true}]}}