{"id":55,"date":"2022-02-26T08:12:18","date_gmt":"2022-02-26T08:12:18","guid":{"rendered":"https:\/\/charlottetroldahl.dk\/?page_id=55"},"modified":"2026-03-29T08:17:27","modified_gmt":"2026-03-29T08:17:27","slug":"luftlinie","status":"publish","type":"page","link":"https:\/\/charlottetroldahl.dk\/?page_id=55","title":{"rendered":"Luftlinie"},"content":{"rendered":"\n<figure itemscope itemtype=\"https:\/\/schema.org\/ImageObject\">\n\t\t\t\t<img decoding=\"async\" data-src=\"https:\/\/charlottetroldahl.dk\/wp-content\/uploads\/2022\/02\/luftlinie-ophaengning-Ahrenshoop.jpg\" alt=\"luftlinie oph\u00e6ngning Ahrenshoop\" height=\"2048\" width=\"1152\" title=\"luftlinie oph\u00e6ngning Ahrenshoop\" onerror=\"this.style.display='none'\" src=\"data:image\/svg+xml;base64,PHN2ZyB3aWR0aD0iMSIgaGVpZ2h0PSIxIiB4bWxucz0iaHR0cDovL3d3dy53My5vcmcvMjAwMC9zdmciPjwvc3ZnPg==\" class=\"lazyload\" style=\"--smush-placeholder-width: 1152px; --smush-placeholder-aspect-ratio: 1152\/2048;\" \/>\n\t<\/figure>\n<h2>\n\t\t\tSerie med 24 tegninger\t<\/h2>\n\t<p>&#8220;Above and beyond&#8221;<\/p>\n<p>Papirst\u00f8rrelse 50 x 70 cm.<\/p>\n<p>Det flyvende menneske er ikke l\u00e6ngere en dr\u00f8m. Som ikaros h\u00e6nger mennesker i luften flere timer ad gangen i limbolandets maskinelle flyvetid, omgivet af suspenderet tyngdekraft. Hvad g\u00f8r svingende tidszoner, lufttryk og h\u00f8je hastigheder ved tankerne n\u00e5r vi som fugle bev\u00e6ger os rundt p\u00e5 kloden?\u00a0<\/p>\n<p>T\u00e6nker de, der har fl\u00f8jet lange str\u00e6kninger, de samme tanker som fuglene? Med blyantens lette streg og skiftende gr\u00e5toner portr\u00e6tteres den rejsendes suspenderede \u00e5nd. Blikket strejfer jordens ydre landskaber &#8211; skyer, atmosf\u00e6re og det uendelige mellemrum. <\/p>\n<figure itemscope itemtype=\"https:\/\/schema.org\/ImageObject\">\n\t\t\t\t<img decoding=\"async\" data-src=\"https:\/\/charlottetroldahl.dk\/wp-content\/uploads\/2022\/08\/cropped-Forside-foto-21-2.jpg\" alt=\"https:\/\/charlottetroldahl.dk\/wp-content\/uploads\/2022\/08\/cropped-Forside-foto-21-2.jpg\" height=\"1199\" width=\"2000\" title=\"Above and beyond\" onerror=\"this.style.display='none'\" src=\"data:image\/svg+xml;base64,PHN2ZyB3aWR0aD0iMSIgaGVpZ2h0PSIxIiB4bWxucz0iaHR0cDovL3d3dy53My5vcmcvMjAwMC9zdmciPjwvc3ZnPg==\" class=\"lazyload\" style=\"--smush-placeholder-width: 2000px; --smush-placeholder-aspect-ratio: 2000\/1199;\" \/>\n\t<\/figure>\n<figure itemscope itemtype=\"https:\/\/schema.org\/ImageObject\">\n\t\t\t\t<img decoding=\"async\" data-src=\"https:\/\/charlottetroldahl.dk\/wp-content\/uploads\/2022\/02\/Above-and-beyond-24-drawing-at-Arhenshoop-Kunstmuseum-2018.jpg\" alt=\"Above-and-beyond-24-drawing-at-Arhenshoop-Kunstmuseum-2018\" height=\"478\" width=\"850\" title=\"Above-and-beyond-24-drawing-at-Arhenshoop-Kunstmuseum-2018\" onerror=\"this.style.display='none'\" src=\"data:image\/svg+xml;base64,PHN2ZyB3aWR0aD0iMSIgaGVpZ2h0PSIxIiB4bWxucz0iaHR0cDovL3d3dy53My5vcmcvMjAwMC9zdmciPjwvc3ZnPg==\" class=\"lazyload\" style=\"--smush-placeholder-width: 850px; --smush-placeholder-aspect-ratio: 850\/478;\" \/>\n\t<\/figure>\n<figure itemscope itemtype=\"https:\/\/schema.org\/ImageObject\">\n\t\t\t\t<img decoding=\"async\" data-src=\"https:\/\/charlottetroldahl.dk\/wp-content\/uploads\/2022\/02\/Luftlinie-kleine-bildern-02.jpg\" alt=\"Luftlinie kleine bildern 02\" height=\"402\" width=\"600\" title=\"Luftlinie kleine bildern 02\" onerror=\"this.style.display='none'\" src=\"data:image\/svg+xml;base64,PHN2ZyB3aWR0aD0iMSIgaGVpZ2h0PSIxIiB4bWxucz0iaHR0cDovL3d3dy53My5vcmcvMjAwMC9zdmciPjwvc3ZnPg==\" class=\"lazyload\" style=\"--smush-placeholder-width: 600px; --smush-placeholder-aspect-ratio: 600\/402;\" \/>\n\t<\/figure>\n<figure itemscope itemtype=\"https:\/\/schema.org\/ImageObject\">\n\t\t\t\t<img decoding=\"async\" data-src=\"https:\/\/charlottetroldahl.dk\/wp-content\/uploads\/2022\/02\/Luftlinie-kleine-bildern-01.jpg\" alt=\"Luftlinie kleine bildern 01\" height=\"708\" width=\"1057\" title=\"Luftlinie kleine bildern 01\" onerror=\"this.style.display='none'\" src=\"data:image\/svg+xml;base64,PHN2ZyB3aWR0aD0iMSIgaGVpZ2h0PSIxIiB4bWxucz0iaHR0cDovL3d3dy53My5vcmcvMjAwMC9zdmciPjwvc3ZnPg==\" class=\"lazyload\" style=\"--smush-placeholder-width: 1057px; --smush-placeholder-aspect-ratio: 1057\/708;\" \/>\n\t<\/figure>\n<figure itemscope itemtype=\"https:\/\/schema.org\/ImageObject\">\n\t\t\t\t<img decoding=\"async\" data-src=\"https:\/\/charlottetroldahl.dk\/wp-content\/uploads\/2022\/02\/Luftlinie-kleine-bildern-04.jpg\" alt=\"Luftlinie kleine bildern 04\" height=\"836\" width=\"1255\" title=\"Luftlinie kleine bildern 04\" onerror=\"this.style.display='none'\" src=\"data:image\/svg+xml;base64,PHN2ZyB3aWR0aD0iMSIgaGVpZ2h0PSIxIiB4bWxucz0iaHR0cDovL3d3dy53My5vcmcvMjAwMC9zdmciPjwvc3ZnPg==\" class=\"lazyload\" style=\"--smush-placeholder-width: 1255px; --smush-placeholder-aspect-ratio: 1255\/836;\" \/>\n\t<\/figure>\n<figure itemscope itemtype=\"https:\/\/schema.org\/ImageObject\">\n\t\t\t\t<img decoding=\"async\" data-src=\"https:\/\/charlottetroldahl.dk\/wp-content\/uploads\/2022\/02\/Luftlinie-kleine-bildern-05.jpg\" alt=\"Luftlinie kleine bildern 05\" height=\"836\" width=\"1259\" title=\"Luftlinie kleine bildern 05\" onerror=\"this.style.display='none'\" src=\"data:image\/svg+xml;base64,PHN2ZyB3aWR0aD0iMSIgaGVpZ2h0PSIxIiB4bWxucz0iaHR0cDovL3d3dy53My5vcmcvMjAwMC9zdmciPjwvc3ZnPg==\" class=\"lazyload\" style=\"--smush-placeholder-width: 1259px; --smush-placeholder-aspect-ratio: 1259\/836;\" \/>\n\t<\/figure>\n<figure itemscope itemtype=\"https:\/\/schema.org\/ImageObject\">\n\t\t\t\t<img decoding=\"async\" data-src=\"https:\/\/charlottetroldahl.dk\/wp-content\/uploads\/2022\/02\/Luftlinie-kleine-bildern-03-1.jpg\" alt=\"Luftlinie kleine bildern 03\" height=\"542\" width=\"1210\" title=\"Luftlinie kleine bildern 03\" onerror=\"this.style.display='none'\" src=\"data:image\/svg+xml;base64,PHN2ZyB3aWR0aD0iMSIgaGVpZ2h0PSIxIiB4bWxucz0iaHR0cDovL3d3dy53My5vcmcvMjAwMC9zdmciPjwvc3ZnPg==\" class=\"lazyload\" style=\"--smush-placeholder-width: 1210px; --smush-placeholder-aspect-ratio: 1210\/542;\" \/>\n\t<\/figure>\n<h2>\n\t\t\tLuftlinie Expo &#8211; Kunstmuseum Ahrenshoop\t<\/h2>\n\t<p>Landeskunstschau of the K\u00fcnstlerbund Mecklenburg-Vorpommern \u00e5bnede 16 marts 2018.<\/p>\n<p>Under titlen &#8220;Luftlinie&#8221; medvirkede 60 forskellige v\u00e6rker lavet af kunstnere fra Tyskland og Skandinavien.<\/p>\n<figure itemscope itemtype=\"https:\/\/schema.org\/ImageObject\">\n\t\t\t\t<img decoding=\"async\" data-src=\"https:\/\/charlottetroldahl.dk\/wp-content\/uploads\/2022\/02\/Kunstmuseum-Ahrenshoop-scaled-1.jpg\" alt=\"Kunstmuseum-Ahrenshoop-scaled\" height=\"1440\" width=\"2560\" title=\"Kunstmuseum-Ahrenshoop-scaled\" onerror=\"this.style.display='none'\" src=\"data:image\/svg+xml;base64,PHN2ZyB3aWR0aD0iMSIgaGVpZ2h0PSIxIiB4bWxucz0iaHR0cDovL3d3dy53My5vcmcvMjAwMC9zdmciPjwvc3ZnPg==\" class=\"lazyload\" style=\"--smush-placeholder-width: 2560px; --smush-placeholder-aspect-ratio: 2560\/1440;\" \/>\n\t<\/figure>\n\t\t<iframe width=\"560\" height=\"315\" data-src=\"https:\/\/www.youtube.com\/embed\/YPIp2V7HLMM\" title=\"YouTube video player\" frameborder=\"0\" allow=\"accelerometer; autoplay; clipboard-write; encrypted-media; gyroscope; picture-in-picture\" allowfullscreen src=\"data:image\/svg+xml;base64,PHN2ZyB3aWR0aD0iMSIgaGVpZ2h0PSIxIiB4bWxucz0iaHR0cDovL3d3dy53My5vcmcvMjAwMC9zdmciPjwvc3ZnPg==\" class=\"lazyload\" data-load-mode=\"1\"><\/iframe>\t\n\n","protected":false},"excerpt":{"rendered":"<p>Serie med 24 tegninger &#8220;Above and beyond&#8221; Papirst\u00f8rrelse 50 x 70 cm. Det flyvende menneske er ikke l\u00e6ngere en dr\u00f8m. Som ikaros h\u00e6nger mennesker i luften flere timer ad gangen i limbolandets maskinelle flyvetid, omgivet af suspenderet tyngdekraft. Hvad g\u00f8r svingende tidszoner, lufttryk og h\u00f8je hastigheder ved tankerne n\u00e5r vi som fugle bev\u00e6ger os rundt &hellip; <\/p>\n<p class=\"link-more\"><a href=\"https:\/\/charlottetroldahl.dk\/?page_id=55\" class=\"more-link\">L\u00e6s videre<span class=\"screen-reader-text\"> &#8220;Luftlinie&#8221;<\/span><\/a><\/p>\n","protected":false},"author":1,"featured_media":129,"parent":0,"menu_order":0,"comment_status":"closed","ping_status":"closed","template":"","meta":{"footnotes":""},"class_list":["post-55","page","type-page","status-publish","has-post-thumbnail","hentry"],"jetpack_sharing_enabled":true,"_links":{"self":[{"href":"https:\/\/charlottetroldahl.dk\/index.php?rest_route=\/wp\/v2\/pages\/55","targetHints":{"allow":["GET"]}}],"collection":[{"href":"https:\/\/charlottetroldahl.dk\/index.php?rest_route=\/wp\/v2\/pages"}],"about":[{"href":"https:\/\/charlottetroldahl.dk\/index.php?rest_route=\/wp\/v2\/types\/page"}],"author":[{"embeddable":true,"href":"https:\/\/charlottetroldahl.dk\/index.php?rest_route=\/wp\/v2\/users\/1"}],"replies":[{"embeddable":true,"href":"https:\/\/charlottetroldahl.dk\/index.php?rest_route=%2Fwp%2Fv2%2Fcomments&post=55"}],"version-history":[{"count":14,"href":"https:\/\/charlottetroldahl.dk\/index.php?rest_route=\/wp\/v2\/pages\/55\/revisions"}],"predecessor-version":[{"id":970,"href":"https:\/\/charlottetroldahl.dk\/index.php?rest_route=\/wp\/v2\/pages\/55\/revisions\/970"}],"wp:featuredmedia":[{"embeddable":true,"href":"https:\/\/charlottetroldahl.dk\/index.php?rest_route=\/wp\/v2\/media\/129"}],"wp:attachment":[{"href":"https:\/\/charlottetroldahl.dk\/index.php?rest_route=%2Fwp%2Fv2%2Fmedia&parent=55"}],"curies":[{"name":"wp","href":"https:\/\/api.w.org\/{rel}","templated":true}]}}