{"id":678,"date":"2025-11-15T16:13:05","date_gmt":"2025-11-15T16:13:05","guid":{"rendered":"https:\/\/charlottetroldahl.dk\/?page_id=678"},"modified":"2026-03-29T08:08:32","modified_gmt":"2026-03-29T08:08:32","slug":"tempera-maleri","status":"publish","type":"page","link":"https:\/\/charlottetroldahl.dk\/?page_id=678","title":{"rendered":"Tempera maleri"},"content":{"rendered":"\n<h2>\n\t\t\tSerien: &#8220;Ambience&#8221; med udgangspunkt i ultramarin\t<\/h2>\n\t<p>I serien <strong>&#8220;Ambience&#8221;<\/strong> udforsker jeg ultramarins dybde og mystik gennem \u00e6ldgamle temperaopskrifter.<\/p>\n<p>Disse traditionelle metoder giver farverne en kvalitet, med transparens der skabes ved at kombinere \u00e6g og linolie. Resultatet er en sart og levende farvepalet, der er letp\u00e5virkelig og dynamisk i selve maleprocessen. Farverne er meget levende, p\u00e5 grund af denne transparens.<\/p>\n<figure itemscope itemtype=\"https:\/\/schema.org\/ImageObject\">\n\t\t\t\t<img decoding=\"async\" data-src=\"https:\/\/charlottetroldahl.dk\/wp-content\/uploads\/2025\/10\/22B73610-F6AC-4A04-ABF4-4B00E7224019-scaled.jpeg\" alt=\"{\n  &quot;orientation&quot; : 1,\n  &quot;exposureMode&quot; : 0,\n  &quot;meteringMode&quot; : 0,\n  &quot;focalLength&quot; : 26,\n  &quot;isBackCam&quot; : 1\n}\" height=\"2560\" width=\"1441\" title=\"Varlens \/ Auto Mode \/ The Empire&#039;s Forbearance\" onerror=\"this.style.display='none'\" src=\"data:image\/svg+xml;base64,PHN2ZyB3aWR0aD0iMSIgaGVpZ2h0PSIxIiB4bWxucz0iaHR0cDovL3d3dy53My5vcmcvMjAwMC9zdmciPjwvc3ZnPg==\" class=\"lazyload\" style=\"--smush-placeholder-width: 1441px; --smush-placeholder-aspect-ratio: 1441\/2560;\" \/>\n\t<\/figure>\n\t<p>Hver portion tempera er et \u00f8jebliksbillede: fra pigmenter, \u00e6g og olie til en f\u00e6rdig blanding, der skal bruges inden for et kort tidsrum. <\/p>\n<p>Den hurtige t\u00f8rretid g\u00f8r arbejdet med tempera til en intens og n\u00e6rv\u00e6rende proces, hvor timing og pr\u00e6cision er afg\u00f8rende. <\/p>\n<p>Det er denne balance mellem tradition og \u00f8jeblikket, der definerer serien &#8211; og som inviterer beskueren ind i en verden af farvernes skiftende stemninger.<\/p>\n<figure itemscope itemtype=\"https:\/\/schema.org\/ImageObject\">\n\t\t\t\t<img decoding=\"async\" data-src=\"https:\/\/charlottetroldahl.dk\/wp-content\/uploads\/2025\/10\/E26863FD-94A0-4082-8B22-1C048B12ED9B-scaled.jpeg\" alt=\"{\n  &quot;orientation&quot; : 1,\n  &quot;isBackCam&quot; : 1,\n  &quot;focalLength&quot; : 26,\n  &quot;meteringMode&quot; : 0,\n  &quot;exposureMode&quot; : 0\n}\" height=\"2560\" width=\"1441\" title=\"Varlens \/ Auto Mode \/ The Empire&#039;s Forbearance\" onerror=\"this.style.display='none'\" src=\"data:image\/svg+xml;base64,PHN2ZyB3aWR0aD0iMSIgaGVpZ2h0PSIxIiB4bWxucz0iaHR0cDovL3d3dy53My5vcmcvMjAwMC9zdmciPjwvc3ZnPg==\" class=\"lazyload\" style=\"--smush-placeholder-width: 1441px; --smush-placeholder-aspect-ratio: 1441\/2560;\" \/>\n\t<\/figure>\n<figure itemscope itemtype=\"https:\/\/schema.org\/ImageObject\">\n\t\t\t\t<img decoding=\"async\" data-src=\"https:\/\/charlottetroldahl.dk\/wp-content\/uploads\/2025\/05\/506DE0D0-9E60-463D-AAEC-DDCF82775306-scaled.jpeg\" alt=\"{\n  &quot;orientation&quot; : 1,\n  &quot;isBackCam&quot; : 1,\n  &quot;exposureMode&quot; : 0,\n  &quot;meteringMode&quot; : 0,\n  &quot;focalLength&quot; : 26\n}\" height=\"2560\" width=\"1441\" title=\"Varlens \/ Auto Mode \/ Nature\" onerror=\"this.style.display='none'\" src=\"data:image\/svg+xml;base64,PHN2ZyB3aWR0aD0iMSIgaGVpZ2h0PSIxIiB4bWxucz0iaHR0cDovL3d3dy53My5vcmcvMjAwMC9zdmciPjwvc3ZnPg==\" class=\"lazyload\" style=\"--smush-placeholder-width: 1441px; --smush-placeholder-aspect-ratio: 1441\/2560;\" \/>\n\t<\/figure>\n<figure itemscope itemtype=\"https:\/\/schema.org\/ImageObject\">\n\t\t\t\t<img decoding=\"async\" data-src=\"https:\/\/charlottetroldahl.dk\/wp-content\/uploads\/2025\/10\/A5368DFE-C5F7-4958-81C9-58A58AF2250C-scaled.jpeg\" alt=\"{\n  &quot;orientation&quot; : 1,\n  &quot;exposureMode&quot; : 0,\n  &quot;isBackCam&quot; : 1,\n  &quot;meteringMode&quot; : 0,\n  &quot;focalLength&quot; : 26\n}\" height=\"2560\" width=\"1441\" title=\"Varlens \/ Auto Mode \/ The Empire&#039;s Forbearance\" onerror=\"this.style.display='none'\" src=\"data:image\/svg+xml;base64,PHN2ZyB3aWR0aD0iMSIgaGVpZ2h0PSIxIiB4bWxucz0iaHR0cDovL3d3dy53My5vcmcvMjAwMC9zdmciPjwvc3ZnPg==\" class=\"lazyload\" style=\"--smush-placeholder-width: 1441px; --smush-placeholder-aspect-ratio: 1441\/2560;\" \/>\n\t<\/figure>\n<figure itemscope itemtype=\"https:\/\/schema.org\/ImageObject\">\n\t\t\t\t<img decoding=\"async\" data-src=\"https:\/\/charlottetroldahl.dk\/wp-content\/uploads\/2025\/05\/3D2C9C70-3C9F-43A3-92A8-98FF6D03E063-scaled.jpeg\" alt=\"{\n  &quot;meteringMode&quot; : 0,\n  &quot;focalLength&quot; : 26,\n  &quot;isBackCam&quot; : 1,\n  &quot;orientation&quot; : 1,\n  &quot;exposureMode&quot; : 0\n}\" height=\"2560\" width=\"1441\" title=\"Varlens \/ Auto Mode \/ Nature\" onerror=\"this.style.display='none'\" src=\"data:image\/svg+xml;base64,PHN2ZyB3aWR0aD0iMSIgaGVpZ2h0PSIxIiB4bWxucz0iaHR0cDovL3d3dy53My5vcmcvMjAwMC9zdmciPjwvc3ZnPg==\" class=\"lazyload\" style=\"--smush-placeholder-width: 1441px; --smush-placeholder-aspect-ratio: 1441\/2560;\" \/>\n\t<\/figure>\n\n","protected":false},"excerpt":{"rendered":"<p>Serien: &#8220;Ambience&#8221; med udgangspunkt i ultramarin I serien &#8220;Ambience&#8221; udforsker jeg ultramarins dybde og mystik gennem \u00e6ldgamle temperaopskrifter. Disse traditionelle metoder giver farverne en kvalitet, med transparens der skabes ved at kombinere \u00e6g og linolie. Resultatet er en sart og levende farvepalet, der er letp\u00e5virkelig og dynamisk i selve maleprocessen. Farverne er meget levende, p\u00e5 &hellip; <\/p>\n<p class=\"link-more\"><a href=\"https:\/\/charlottetroldahl.dk\/?page_id=678\" class=\"more-link\">L\u00e6s videre<span class=\"screen-reader-text\"> &#8220;Tempera maleri&#8221;<\/span><\/a><\/p>\n","protected":false},"author":1,"featured_media":0,"parent":0,"menu_order":0,"comment_status":"closed","ping_status":"closed","template":"","meta":{"footnotes":""},"class_list":["post-678","page","type-page","status-publish","hentry"],"jetpack_sharing_enabled":true,"_links":{"self":[{"href":"https:\/\/charlottetroldahl.dk\/index.php?rest_route=\/wp\/v2\/pages\/678","targetHints":{"allow":["GET"]}}],"collection":[{"href":"https:\/\/charlottetroldahl.dk\/index.php?rest_route=\/wp\/v2\/pages"}],"about":[{"href":"https:\/\/charlottetroldahl.dk\/index.php?rest_route=\/wp\/v2\/types\/page"}],"author":[{"embeddable":true,"href":"https:\/\/charlottetroldahl.dk\/index.php?rest_route=\/wp\/v2\/users\/1"}],"replies":[{"embeddable":true,"href":"https:\/\/charlottetroldahl.dk\/index.php?rest_route=%2Fwp%2Fv2%2Fcomments&post=678"}],"version-history":[{"count":16,"href":"https:\/\/charlottetroldahl.dk\/index.php?rest_route=\/wp\/v2\/pages\/678\/revisions"}],"predecessor-version":[{"id":967,"href":"https:\/\/charlottetroldahl.dk\/index.php?rest_route=\/wp\/v2\/pages\/678\/revisions\/967"}],"wp:attachment":[{"href":"https:\/\/charlottetroldahl.dk\/index.php?rest_route=%2Fwp%2Fv2%2Fmedia&parent=678"}],"curies":[{"name":"wp","href":"https:\/\/api.w.org\/{rel}","templated":true}]}}